{"id":3355,"date":"2020-05-12T08:27:49","date_gmt":"2020-05-12T12:27:49","guid":{"rendered":"https:\/\/centresantestrodrigue.com\/?page_id=3355"},"modified":"2020-11-30T11:47:48","modified_gmt":"2020-11-30T16:47:48","slug":"fmaziere","status":"publish","type":"page","link":"https:\/\/centresantestrodrigue.com\/index.php\/fmaziere\/","title":{"rendered":"fmazieres"},"content":{"rendered":"<div class=\"wpb-content-wrapper\"><p>[vc_row][vc_column width=\u00a0\u00bb1\/3&Prime;][vc_single_image image=\u00a0\u00bb3301&Prime;][\/vc_column][vc_column width=\u00a0\u00bb2\/3&Prime;][vc_column_text]<\/p>\n<h3>Dr Fr\u00e9d\u00e9ric Mazi\u00e8res<\/h3>\n<ul>\n<li>Doctorat en chiropratique, Palmer College of Chiropratic, Iowa, USA, 1997;<\/li>\n<li>Membre de l&rsquo;Ordre des Chiropraticiens de Qu\u00e9bec;<\/li>\n<li>M\u00e9thodes douces et sans cavitation (sans craquement);<\/li>\n<li>\u00c9tude au Baccalaur\u00e9at en Activit\u00e9 Physique.<\/li>\n<\/ul>\n<p>[\/vc_column_text][\/vc_column][\/vc_row]<\/p>\n<\/div>","protected":false},"excerpt":{"rendered":"<p>[vc_row][vc_column width=\u00a0\u00bb1\/3&Prime;][vc_single_image image=\u00a0\u00bb3301&Prime;][\/vc_column][vc_column width=\u00a0\u00bb2\/3&Prime;][vc_column_text] Dr Fr\u00e9d\u00e9ric Mazi\u00e8res Doctorat en chiropratique, Palmer College of Chiropratic, Iowa, USA, 1997; Membre de l&rsquo;Ordre des Chiropraticiens de Qu\u00e9bec; M\u00e9thodes douces et sans cavitation (sans craquement); \u00c9tude au Baccalaur\u00e9at en Activit\u00e9 Physique. [\/vc_column_text][\/vc_column][\/vc_row]<\/p>\n","protected":false},"author":1,"featured_media":0,"parent":0,"menu_order":0,"comment_status":"closed","ping_status":"closed","template":"","meta":{"footnotes":""},"class_list":["post-3355","page","type-page","status-publish","hentry"],"_links":{"self":[{"href":"https:\/\/centresantestrodrigue.com\/index.php\/wp-json\/wp\/v2\/pages\/3355","targetHints":{"allow":["GET"]}}],"collection":[{"href":"https:\/\/centresantestrodrigue.com\/index.php\/wp-json\/wp\/v2\/pages"}],"about":[{"href":"https:\/\/centresantestrodrigue.com\/index.php\/wp-json\/wp\/v2\/types\/page"}],"author":[{"embeddable":true,"href":"https:\/\/centresantestrodrigue.com\/index.php\/wp-json\/wp\/v2\/users\/1"}],"replies":[{"embeddable":true,"href":"https:\/\/centresantestrodrigue.com\/index.php\/wp-json\/wp\/v2\/comments?post=3355"}],"version-history":[{"count":8,"href":"https:\/\/centresantestrodrigue.com\/index.php\/wp-json\/wp\/v2\/pages\/3355\/revisions"}],"predecessor-version":[{"id":3372,"href":"https:\/\/centresantestrodrigue.com\/index.php\/wp-json\/wp\/v2\/pages\/3355\/revisions\/3372"}],"wp:attachment":[{"href":"https:\/\/centresantestrodrigue.com\/index.php\/wp-json\/wp\/v2\/media?parent=3355"}],"curies":[{"name":"wp","href":"https:\/\/api.w.org\/{rel}","templated":true}]}}